{"id":7,"date":"2020-11-17T17:01:12","date_gmt":"2020-11-17T16:01:12","guid":{"rendered":"http:\/\/sdcnkeo.cluster030.hosting.ovh.net\/?page_id=7"},"modified":"2020-11-26T21:21:38","modified_gmt":"2020-11-26T20:21:38","slug":"presentation","status":"publish","type":"page","link":"https:\/\/soinsmedicauxenfrance.fr\/index.php\/presentation\/","title":{"rendered":"Pr\u00e9sentation"},"content":{"rendered":"<div data-colibri-id=\"7-c1\" class=\"style-264 style-local-7-c1 position-relative\">\n  <!---->\n  <div data-colibri-component=\"section\" data-colibri-id=\"7-c2\" id=\"about\" class=\"h-section h-section-global-spacing d-flex align-items-lg-center align-items-md-center align-items-center style-345 style-local-7-c2 position-relative\">\n    <!---->\n    <!---->\n    <div class=\"h-section-grid-container h-section-boxed-container\">\n      <!---->\n      <div data-colibri-id=\"7-c3\" class=\"h-row-container gutters-row-lg-2 gutters-row-md-2 gutters-row-2 gutters-row-v-lg-2 gutters-row-v-md-2 gutters-row-v-2 style-346 style-local-7-c3 position-relative\">\n        <!---->\n        <div class=\"h-row justify-content-lg-center justify-content-md-center justify-content-center align-items-lg-stretch align-items-md-stretch align-items-stretch gutters-col-lg-2 gutters-col-md-2 gutters-col-2 gutters-col-v-lg-2 gutters-col-v-md-2 gutters-col-v-2\">\n          <!---->\n          <div class=\"h-column h-column-container d-flex h-col-lg-auto h-col-md-auto h-col-auto style-347-outer style-local-7-c4-outer\">\n            <div data-colibri-id=\"7-c4\" class=\"d-flex h-flex-basis h-column__inner h-px-lg-2 h-px-md-2 h-px-2 v-inner-lg-2 v-inner-md-2 v-inner-2 style-347 style-local-7-c4 position-relative\">\n              <!---->\n              <!---->\n              <div class=\"w-100 h-y-container h-column__content h-column__v-align flex-basis-100 align-self-lg-center align-self-md-center align-self-center\">\n                <!---->\n                <div data-colibri-id=\"7-c5\" class=\"h-global-transition-all h-heading style-348 style-local-7-c5 position-relative h-element\">\n                  <!---->\n                  <div class=\"h-heading__outer style-348 style-local-7-c5\">\n                    <!---->\n                    <!---->\n                    <h5 class=\"\">\u00c9vacuation sanitaire en France avec SAMCI<\/h5>\n                  <\/div>\n                <\/div>\n                <div data-colibri-id=\"7-c6\" class=\"h-text h-text-component style-359 style-local-7-c6 position-relative h-element\">\n                  <!---->\n                  <!---->\n                  <div class=\"\">\n                    <p>Depuis 1997, SAMCI est le premier service d\u2019\u00e9vacuation m\u00e9dicale vers la France. Notre but est d\u2019aider tous les patients \u00e0 se faire soigner en France.<\/p>\n                    <p>SAMCI assist a \u00e9t\u00e9 cr\u00e9\u00e9 en 1997 par le Dr S. Falk, m\u00e9decin-anesth\u00e9siste, directeur de la Clinique du Mont-Louis.<\/p>\n                    <p>Passionn\u00e9 par son m\u00e9tier, le Dr Falk \u00e0 toujours chercher \u00e0 apporter des soins particuliers \u00e0 ses patients venant de l\u2019\u00e9tranger, fragilis\u00e9s par l\u2019\u00e9loignement culturel et familiale. Voil\u00e0 pourquoi il a d\u00e9cid\u00e9 de cr\u00e9er une structure de\n                      prise en charge personnalis\u00e9e au sein de sa clinque.<\/p>\n                    <p>Aux cours des ann\u00e9es, SAMCI assist a par son exp\u00e9rience et son savoir-faire augment\u00e9 consid\u00e9rablement son r\u00e9seau de partenaires et de prestataires de sant\u00e9. Aujourd\u2019hui SAMCI assist travaille avec plusieurs assistances et assurances\n                      \u00e9trang\u00e8res et assurent les soins de patients venant du monde entier.<\/p>\n                  <\/div>\n                <\/div>\n              <\/div>\n            <\/div>\n          <\/div>\n          <div class=\"h-column h-column-container d-flex h-col-lg-auto h-col-md-auto h-col-auto style-353-outer style-local-7-c7-outer\">\n            <div data-colibri-id=\"7-c7\" class=\"d-flex h-flex-basis h-column__inner h-px-lg-2 h-px-md-2 h-px-2 v-inner-lg-2 v-inner-md-2 v-inner-2 style-353 style-local-7-c7 position-relative\">\n              <!---->\n              <!---->\n              <div class=\"w-100 h-y-container h-column__content h-column__v-align flex-basis-100 align-self-lg-center align-self-md-center align-self-center\">\n                <!---->\n                <div data-colibri-id=\"7-c8\" class=\"d-block style-354 style-local-7-c8 position-relative h-element\">\n                  <!---->\n                  <div class=\"h-image__frame-container-outer\">\n                    <div class=\"h-image__frame-container\">\n                      <!---->\n                      <!---->\n                      <img decoding=\"async\" loading=\"lazy\" width=\"500\" height=\"500\" src=\"https:\/\/soinsmedicauxenfrance.fr\/wp-content\/uploads\/2020\/11\/cropped-cropped-cropped-cropped-paris.jpg\" class=\"wp-image-684 style-354-image style-local-7-c8-image\" srcset=\"https:\/\/soinsmedicauxenfrance.fr\/wp-content\/uploads\/2020\/11\/cropped-cropped-cropped-cropped-paris.jpg 500w, https:\/\/soinsmedicauxenfrance.fr\/wp-content\/uploads\/2020\/11\/cropped-cropped-cropped-cropped-paris-300x300.jpg 300w, https:\/\/soinsmedicauxenfrance.fr\/wp-content\/uploads\/2020\/11\/cropped-cropped-cropped-cropped-paris-150x150.jpg 150w\" sizes=\"(max-width: 500px) 100vw, 500px\" alt=\"evacuation medicale france\" \/>\n                      <div class=\"h-image__frame h-hide-lg h-hide-md h-hide-sm style-354-frameImage style-local-7-c8-frameImage\"><\/div>\n                    <\/div>\n                  <\/div>\n                <\/div>\n              <\/div>\n            <\/div>\n          <\/div>\n        <\/div>\n      <\/div>\n    <\/div>\n  <\/div>\n  <div data-colibri-component=\"section\" data-colibri-id=\"7-c9\" id=\"custom\" class=\"h-section h-section-global-spacing d-flex align-items-lg-center align-items-md-center align-items-center style-355 style-local-7-c9 position-relative\">\n    <!---->\n    <!---->\n    <div class=\"h-section-grid-container h-section-boxed-container\">\n      <!---->\n      <div data-colibri-id=\"7-c10\" class=\"h-row-container gutters-row-lg-2 gutters-row-md-2 gutters-row-0 gutters-row-v-lg-2 gutters-row-v-md-2 gutters-row-v-2 style-356 style-local-7-c10 position-relative\">\n        <!---->\n        <div class=\"h-row justify-content-lg-center justify-content-md-center justify-content-center align-items-lg-stretch align-items-md-stretch align-items-stretch gutters-col-lg-2 gutters-col-md-2 gutters-col-0 gutters-col-v-lg-2 gutters-col-v-md-2 gutters-col-v-2\">\n          <!---->\n          <div class=\"h-column h-column-container d-flex h-col-lg-auto h-col-md-auto h-col-auto style-357-outer style-local-7-c11-outer\">\n            <div data-colibri-id=\"7-c11\" class=\"d-flex h-flex-basis h-column__inner h-px-lg-2 h-px-md-2 h-px-2 v-inner-lg-2 v-inner-md-2 v-inner-2 style-357 style-local-7-c11 position-relative\">\n              <!---->\n              <!---->\n              <div class=\"w-100 h-y-container h-column__content h-column__v-align flex-basis-100 align-self-lg-start align-self-md-start align-self-start\">\n                <!---->\n                <div data-colibri-id=\"7-c12\" class=\"h-text h-text-component style-358 style-local-7-c12 position-relative h-element\">\n                  <!---->\n                  <!---->\n                  <div class=\"\">\n                    <p>Quelle que soit votre exigence, nous trouverons la solution qui vous convient le mieux. SAMCI a une relation privil\u00e9gi\u00e9e avec les plus grands \u00e9tablissements de sant\u00e9 parisiens et dispose ainsi d\u2019un plateau technique ultramoderne. Plus\n                      de cent chirurgiens travaillent pour SAMCI, chaque patient est donc pris en charge par le professionnel le plus comp\u00e9tent.<\/p>\n                    <p>Nous vous donnons acc\u00e8s \u00e0 tous types de chirurgies, soins m\u00e9dicaux, soins intensifs et traitements du cancer b\u00e9n\u00e9ficiant des derni\u00e8res technologies. Arriv\u00e9 en France, de l\u2019a\u00e9roport jusqu\u2019\u00e0 l\u2019\u00e9tablissement de sant\u00e9 s\u00e9lectionn\u00e9 par nos\n                      services la prise en charge du patient est compl\u00e8te.<\/p>\n                    <p>Des lits accompagnants jusqu\u2019aux choix des repas, tout est mis en \u0153uvre pour garantir le confort du patient.<\/p>\n                    <p>Outre les agents hospitaliers diligent\u00e9s, un membre du SAMCI passera chaque jour afin de veiller au bon d\u00e9roulement du projet th\u00e9rapeutique et apporter le soutien moral n\u00e9cessaire.<\/p>\n                  <\/div>\n                <\/div>\n              <\/div>\n            <\/div>\n          <\/div>\n        <\/div>\n      <\/div>\n    <\/div>\n  <\/div>\n<\/div>","protected":false},"excerpt":{"rendered":"<p>\u00c9vacuation sanitaire en France avec SAMCI Depuis 1997, SAMCI est le premier service d\u2019\u00e9vacuation m\u00e9dicale vers la France. Notre but est d\u2019aider tous les patients \u00e0 se faire soigner en France. SAMCI assist a \u00e9t\u00e9 cr\u00e9\u00e9 en 1997 par le Dr S. Falk, m\u00e9decin-anesth\u00e9siste, directeur de la Clinique du Mont-Louis. Passionn\u00e9 par son m\u00e9tier, le [&hellip;]<\/p>\n","protected":false},"author":1,"featured_media":0,"parent":0,"menu_order":0,"comment_status":"closed","ping_status":"closed","template":"page-templates\/full-width-page.php","meta":[],"yoast_head":"<!-- This site is optimized with the Yoast SEO plugin v20.1 - https:\/\/yoast.com\/wordpress\/plugins\/seo\/ -->\n<title>\u00c9vacuation sanitaire d&#039;Afrique vers la France | Evacuation m\u00e9dicale<\/title>\n<meta name=\"description\" content=\"Depuis 1997, SAMCI est le premier service d\u2019\u00e9vacuation m\u00e9dicale de l&#039;Afrique vers la France pour des patients en provenance du monde entier.\" \/>\n<meta name=\"robots\" content=\"index, follow, max-snippet:-1, max-image-preview:large, max-video-preview:-1\" \/>\n<link rel=\"canonical\" href=\"https:\/\/soinsmedicauxenfrance.fr\/index.php\/presentation\/\" \/>\n<meta property=\"og:locale\" content=\"fr_FR\" \/>\n<meta property=\"og:type\" content=\"article\" \/>\n<meta property=\"og:title\" content=\"\u00c9vacuation sanitaire d&#039;Afrique vers la France | Evacuation m\u00e9dicale\" \/>\n<meta property=\"og:description\" content=\"Depuis 1997, SAMCI est le premier service d\u2019\u00e9vacuation m\u00e9dicale de l&#039;Afrique vers la France pour des patients en provenance du monde entier.\" \/>\n<meta property=\"og:url\" content=\"https:\/\/soinsmedicauxenfrance.fr\/index.php\/presentation\/\" \/>\n<meta property=\"og:site_name\" content=\"Evacuation m\u00e9dicale France\" \/>\n<meta property=\"article:modified_time\" content=\"2020-11-26T20:21:38+00:00\" \/>\n<meta property=\"og:image\" content=\"https:\/\/soinsmedicauxenfrance.fr\/wp-content\/uploads\/2020\/11\/cropped-cropped-cropped-cropped-paris.jpg\" \/>\n<meta name=\"twitter:card\" content=\"summary_large_image\" \/>\n<meta name=\"twitter:label1\" content=\"Dur\u00e9e de lecture estim\u00e9e\" \/>\n\t<meta name=\"twitter:data1\" content=\"2 minutes\" \/>\n<script type=\"application\/ld+json\" class=\"yoast-schema-graph\">{\"@context\":\"https:\/\/schema.org\",\"@graph\":[{\"@type\":\"WebPage\",\"@id\":\"https:\/\/soinsmedicauxenfrance.fr\/index.php\/presentation\/\",\"url\":\"https:\/\/soinsmedicauxenfrance.fr\/index.php\/presentation\/\",\"name\":\"\u00c9vacuation sanitaire d'Afrique vers la France | Evacuation m\u00e9dicale\",\"isPartOf\":{\"@id\":\"https:\/\/soinsmedicauxenfrance.fr\/#website\"},\"datePublished\":\"2020-11-17T16:01:12+00:00\",\"dateModified\":\"2020-11-26T20:21:38+00:00\",\"description\":\"Depuis 1997, SAMCI est le premier service d\u2019\u00e9vacuation m\u00e9dicale de l'Afrique vers la France pour des patients en provenance du monde entier.\",\"breadcrumb\":{\"@id\":\"https:\/\/soinsmedicauxenfrance.fr\/index.php\/presentation\/#breadcrumb\"},\"inLanguage\":\"fr-FR\",\"potentialAction\":[{\"@type\":\"ReadAction\",\"target\":[\"https:\/\/soinsmedicauxenfrance.fr\/index.php\/presentation\/\"]}]},{\"@type\":\"BreadcrumbList\",\"@id\":\"https:\/\/soinsmedicauxenfrance.fr\/index.php\/presentation\/#breadcrumb\",\"itemListElement\":[{\"@type\":\"ListItem\",\"position\":1,\"name\":\"Accueil\",\"item\":\"https:\/\/soinsmedicauxenfrance.fr\/\"},{\"@type\":\"ListItem\",\"position\":2,\"name\":\"Pr\u00e9sentation\"}]},{\"@type\":\"WebSite\",\"@id\":\"https:\/\/soinsmedicauxenfrance.fr\/#website\",\"url\":\"https:\/\/soinsmedicauxenfrance.fr\/\",\"name\":\"Evacuation m\u00e9dicale France\",\"description\":\"\u00c9vacuation m\u00e9dicale d&#039;Afrique vers la France\",\"publisher\":{\"@id\":\"https:\/\/soinsmedicauxenfrance.fr\/#organization\"},\"potentialAction\":[{\"@type\":\"SearchAction\",\"target\":{\"@type\":\"EntryPoint\",\"urlTemplate\":\"https:\/\/soinsmedicauxenfrance.fr\/?s={search_term_string}\"},\"query-input\":\"required name=search_term_string\"}],\"inLanguage\":\"fr-FR\"},{\"@type\":\"Organization\",\"@id\":\"https:\/\/soinsmedicauxenfrance.fr\/#organization\",\"name\":\"\u00c9vacuation m\u00e9dicale d'Afrique vers la France\",\"url\":\"https:\/\/soinsmedicauxenfrance.fr\/\",\"logo\":{\"@type\":\"ImageObject\",\"inLanguage\":\"fr-FR\",\"@id\":\"https:\/\/soinsmedicauxenfrance.fr\/#\/schema\/logo\/image\/\",\"url\":\"https:\/\/soinsmedicauxenfrance.fr\/wp-content\/uploads\/2020\/11\/cropped-Logo-SAMCI_RVB-02sm-2.png\",\"contentUrl\":\"https:\/\/soinsmedicauxenfrance.fr\/wp-content\/uploads\/2020\/11\/cropped-Logo-SAMCI_RVB-02sm-2.png\",\"width\":1500,\"height\":600,\"caption\":\"\u00c9vacuation m\u00e9dicale d'Afrique vers la France\"},\"image\":{\"@id\":\"https:\/\/soinsmedicauxenfrance.fr\/#\/schema\/logo\/image\/\"}}]}<\/script>\n<!-- \/ Yoast SEO plugin. -->","yoast_head_json":{"title":"\u00c9vacuation sanitaire d'Afrique vers la France | Evacuation m\u00e9dicale","description":"Depuis 1997, SAMCI est le premier service d\u2019\u00e9vacuation m\u00e9dicale de l'Afrique vers la France pour des patients en provenance du monde entier.","robots":{"index":"index","follow":"follow","max-snippet":"max-snippet:-1","max-image-preview":"max-image-preview:large","max-video-preview":"max-video-preview:-1"},"canonical":"https:\/\/soinsmedicauxenfrance.fr\/index.php\/presentation\/","og_locale":"fr_FR","og_type":"article","og_title":"\u00c9vacuation sanitaire d'Afrique vers la France | Evacuation m\u00e9dicale","og_description":"Depuis 1997, SAMCI est le premier service d\u2019\u00e9vacuation m\u00e9dicale de l'Afrique vers la France pour des patients en provenance du monde entier.","og_url":"https:\/\/soinsmedicauxenfrance.fr\/index.php\/presentation\/","og_site_name":"Evacuation m\u00e9dicale France","article_modified_time":"2020-11-26T20:21:38+00:00","og_image":[{"url":"https:\/\/soinsmedicauxenfrance.fr\/wp-content\/uploads\/2020\/11\/cropped-cropped-cropped-cropped-paris.jpg"}],"twitter_card":"summary_large_image","twitter_misc":{"Dur\u00e9e de lecture estim\u00e9e":"2 minutes"},"schema":{"@context":"https:\/\/schema.org","@graph":[{"@type":"WebPage","@id":"https:\/\/soinsmedicauxenfrance.fr\/index.php\/presentation\/","url":"https:\/\/soinsmedicauxenfrance.fr\/index.php\/presentation\/","name":"\u00c9vacuation sanitaire d'Afrique vers la France | Evacuation m\u00e9dicale","isPartOf":{"@id":"https:\/\/soinsmedicauxenfrance.fr\/#website"},"datePublished":"2020-11-17T16:01:12+00:00","dateModified":"2020-11-26T20:21:38+00:00","description":"Depuis 1997, SAMCI est le premier service d\u2019\u00e9vacuation m\u00e9dicale de l'Afrique vers la France pour des patients en provenance du monde entier.","breadcrumb":{"@id":"https:\/\/soinsmedicauxenfrance.fr\/index.php\/presentation\/#breadcrumb"},"inLanguage":"fr-FR","potentialAction":[{"@type":"ReadAction","target":["https:\/\/soinsmedicauxenfrance.fr\/index.php\/presentation\/"]}]},{"@type":"BreadcrumbList","@id":"https:\/\/soinsmedicauxenfrance.fr\/index.php\/presentation\/#breadcrumb","itemListElement":[{"@type":"ListItem","position":1,"name":"Accueil","item":"https:\/\/soinsmedicauxenfrance.fr\/"},{"@type":"ListItem","position":2,"name":"Pr\u00e9sentation"}]},{"@type":"WebSite","@id":"https:\/\/soinsmedicauxenfrance.fr\/#website","url":"https:\/\/soinsmedicauxenfrance.fr\/","name":"Evacuation m\u00e9dicale France","description":"\u00c9vacuation m\u00e9dicale d&#039;Afrique vers la France","publisher":{"@id":"https:\/\/soinsmedicauxenfrance.fr\/#organization"},"potentialAction":[{"@type":"SearchAction","target":{"@type":"EntryPoint","urlTemplate":"https:\/\/soinsmedicauxenfrance.fr\/?s={search_term_string}"},"query-input":"required name=search_term_string"}],"inLanguage":"fr-FR"},{"@type":"Organization","@id":"https:\/\/soinsmedicauxenfrance.fr\/#organization","name":"\u00c9vacuation m\u00e9dicale d'Afrique vers la France","url":"https:\/\/soinsmedicauxenfrance.fr\/","logo":{"@type":"ImageObject","inLanguage":"fr-FR","@id":"https:\/\/soinsmedicauxenfrance.fr\/#\/schema\/logo\/image\/","url":"https:\/\/soinsmedicauxenfrance.fr\/wp-content\/uploads\/2020\/11\/cropped-Logo-SAMCI_RVB-02sm-2.png","contentUrl":"https:\/\/soinsmedicauxenfrance.fr\/wp-content\/uploads\/2020\/11\/cropped-Logo-SAMCI_RVB-02sm-2.png","width":1500,"height":600,"caption":"\u00c9vacuation m\u00e9dicale d'Afrique vers la France"},"image":{"@id":"https:\/\/soinsmedicauxenfrance.fr\/#\/schema\/logo\/image\/"}}]}},"_links":{"self":[{"href":"https:\/\/soinsmedicauxenfrance.fr\/index.php\/wp-json\/wp\/v2\/pages\/7"}],"collection":[{"href":"https:\/\/soinsmedicauxenfrance.fr\/index.php\/wp-json\/wp\/v2\/pages"}],"about":[{"href":"https:\/\/soinsmedicauxenfrance.fr\/index.php\/wp-json\/wp\/v2\/types\/page"}],"author":[{"embeddable":true,"href":"https:\/\/soinsmedicauxenfrance.fr\/index.php\/wp-json\/wp\/v2\/users\/1"}],"replies":[{"embeddable":true,"href":"https:\/\/soinsmedicauxenfrance.fr\/index.php\/wp-json\/wp\/v2\/comments?post=7"}],"version-history":[{"count":9,"href":"https:\/\/soinsmedicauxenfrance.fr\/index.php\/wp-json\/wp\/v2\/pages\/7\/revisions"}],"predecessor-version":[{"id":687,"href":"https:\/\/soinsmedicauxenfrance.fr\/index.php\/wp-json\/wp\/v2\/pages\/7\/revisions\/687"}],"wp:attachment":[{"href":"https:\/\/soinsmedicauxenfrance.fr\/index.php\/wp-json\/wp\/v2\/media?parent=7"}],"curies":[{"name":"wp","href":"https:\/\/api.w.org\/{rel}","templated":true}]}}