{"id":8,"date":"2020-11-17T17:01:12","date_gmt":"2020-11-17T16:01:12","guid":{"rendered":"http:\/\/sdcnkeo.cluster030.hosting.ovh.net\/?page_id=8"},"modified":"2021-01-29T16:25:04","modified_gmt":"2021-01-29T15:25:04","slug":"contact","status":"publish","type":"page","link":"https:\/\/soinsmedicauxenfrance.fr\/index.php\/contact\/","title":{"rendered":"Contact"},"content":{"rendered":"<div data-colibri-id=\"8-c1\" class=\"style-327 style-local-8-c1 position-relative\">\n  <!---->\n  <div data-colibri-component=\"section\" data-colibri-id=\"8-c2\" id=\"initial-content\" class=\"h-section h-section-global-spacing d-flex align-items-lg-center align-items-md-center align-items-center style-328 style-local-8-c2 position-relative\">\n    <!---->\n    <!---->\n    <div class=\"h-section-grid-container h-section-boxed-container\">\n      <!---->\n      <div data-colibri-id=\"8-c3\" class=\"h-row-container gutters-row-lg-2 gutters-row-md-2 gutters-row-0 gutters-row-v-lg-2 gutters-row-v-md-2 gutters-row-v-2 style-329 style-local-8-c3 position-relative\">\n        <!---->\n        <div class=\"h-row justify-content-lg-center justify-content-md-center justify-content-center align-items-lg-stretch align-items-md-stretch align-items-stretch gutters-col-lg-2 gutters-col-md-2 gutters-col-0 gutters-col-v-lg-2 gutters-col-v-md-2 gutters-col-v-2\">\n          <!---->\n          <div class=\"h-column h-column-container d-flex h-col-lg-auto h-col-md-auto h-col-auto style-330-outer style-local-8-c4-outer\">\n            <div data-colibri-id=\"8-c4\" class=\"d-flex h-flex-basis h-column__inner h-px-lg-2 h-px-md-2 h-px-2 v-inner-lg-2 v-inner-md-2 v-inner-2 style-330 style-local-8-c4 position-relative\">\n              <!---->\n              <!---->\n              <div class=\"w-100 h-y-container h-column__content h-column__v-align flex-basis-100 align-self-lg-start align-self-md-start align-self-start\">\n                <!---->\n                <div data-colibri-id=\"8-c5\" class=\"h-divider style-363 style-local-8-c5 position-relative h-element\">\n                  <!----><span class=\"h-divider__line style-363-line style-local-8-c5-line style-363-line style-local-8-c5-line\"><\/span> <span class=\"h-svg-icon h-divider__icon style-363-icon style-local-8-c5-icon\"><!--Icon by Font Awesome (https:\/\/fontawesome.com)--><svg version=\"1.1\" xmlns=\"http:\/\/www.w3.org\/2000\/svg\" xmlns:xlink=\"http:\/\/www.w3.org\/1999\/xlink\" id=\"envelope-o\" viewBox=\"0 0 1792 1896.0833\"><path d=\"M1664 1504V736q-32 36-69 66-268 206-426 338-51 43-83 67t-86.5 48.5T897 1280h-2q-48 0-102.5-24.5T706 1207t-83-67q-158-132-426-338-37-30-69-66v768q0 13 9.5 22.5t22.5 9.5h1472q13 0 22.5-9.5t9.5-22.5zm0-1051v-24.5l-.5-13-3-12.5-5.5-9-9-7.5-14-2.5H160q-13 0-22.5 9.5T128 416q0 168 147 284 193 152 401 317 6 5 35 29.5t46 37.5 44.5 31.5T852 1143t43 9h2q20 0 43-9t50.5-27.5 44.5-31.5 46-37.5 35-29.5q208-165 401-317 54-43 100.5-115.5T1664 453zm128-37v1088q0 66-47 113t-113 47H160q-66 0-113-47T0 1504V416q0-66 47-113t113-47h1472q66 0 113 47t47 113z\"><\/path><\/svg><\/span>                  <span class=\"h-divider__line style-363-line style-local-8-c5-line style-363-line style-local-8-c5-line\"><\/span><\/div>\n                <div data-colibri-id=\"8-c6\" class=\"h-text h-text-component style-343 style-local-8-c6 position-relative h-element\">\n                  <!---->\n                  <!---->\n                  <div class=\"\">\n                    <p>Bienvenue sur la page de contact de la soci\u00e9t\u00e9 d\u2019\u00e9vacuation sanitaire SAMCI. Ici vous pouvez laisser votre demande de soins ou de r\u00e9\u00e9ducation, faire une description de la pathologie dont vous \u00eates atteint et posez toutes vos questions\n                      concernant l\u2019\u00e9vacuation sanitaire en France.<\/p>\n                    <p>Nous allons vous proposer un projet th\u00e9rapeutique en tenant compte des multiples sp\u00e9cificit\u00e9s de votre demande de soins : diagnostique, gravit\u00e9 de la maladie, ant\u00e9c\u00e9dents m\u00e9dicaux, \u00e2ge du patient, \u00e9tat clinique, m\u00e9thodes de traitement\n                      etc\u2026<\/p>\n                    <p>Tous ces facteurs nous permettront de vous fournir un devis personnalis\u00e9 et d\u00e9taill\u00e9. Veuillez indiquer correctement votre num\u00e9ro de t\u00e9l\u00e9phone ainsi que votre mail mail afin que nous puissions vous contacter rapidement!<\/p>\n                    <p>Envoyez-nous votre dossier m\u00e9dical par email: samci-france@mail.ru et recevez une proposition th\u00e9rapeutique gratuite ainsi qu\u2019un devis.\n                      <br>\n                    <\/p>\n                  <\/div>\n                <\/div>\n              <\/div>\n            <\/div>\n          <\/div>\n        <\/div>\n      <\/div>\n    <\/div>\n  <\/div>\n  <div data-colibri-component=\"section\" data-colibri-id=\"8-c7\" id=\"contact\" class=\"h-section h-section-global-spacing d-flex align-items-lg-center align-items-md-center align-items-center style-332 style-local-8-c7 position-relative\">\n    <div class=\"background-wrapper\">\n      <div class=\"background-layer background-layer-media-container-lg\">\n        <!---->\n        <div class=\"overlay-layer\">\n          <div class=\"overlay-image-layer\" style=\"background-color: rgb(0, 0, 0); opacity: 0.5;\"><\/div>\n        <\/div>\n      <\/div>\n      <div class=\"background-layer background-layer-media-container-md\">\n        <!---->\n        <div class=\"overlay-layer\">\n          <div class=\"overlay-image-layer\" style=\"background-color: rgb(0, 0, 0); opacity: 0.5;\"><\/div>\n        <\/div>\n      <\/div>\n      <div class=\"background-layer background-layer-media-container\">\n        <!---->\n        <div class=\"overlay-layer\">\n          <div class=\"overlay-image-layer\" style=\"background-color: rgb(0, 0, 0); opacity: 0.5;\"><\/div>\n        <\/div>\n      <\/div>\n    <\/div>\n    <!---->\n    <div class=\"h-section-grid-container h-section-boxed-container\">\n      <!---->\n      <div data-colibri-id=\"8-c8\" class=\"h-row-container gutters-row-lg-2 gutters-row-md-2 gutters-row-2 gutters-row-v-lg-2 gutters-row-v-md-2 gutters-row-v-2 style-333 style-local-8-c8 position-relative\">\n        <!---->\n        <div class=\"h-row justify-content-lg-center justify-content-md-center justify-content-center align-items-lg-stretch align-items-md-stretch align-items-stretch gutters-col-lg-2 gutters-col-md-2 gutters-col-2 gutters-col-v-lg-2 gutters-col-v-md-2 gutters-col-v-2\">\n          <!---->\n          <div class=\"h-column h-column-container d-flex h-col-lg-auto h-col-md-auto h-col-auto style-334-outer style-local-8-c9-outer\">\n            <div data-colibri-id=\"8-c9\" class=\"d-flex h-flex-basis h-column__inner h-px-lg-0 h-px-md-0 h-px-0 v-inner-lg-0 v-inner-md-0 v-inner-0 style-334 style-local-8-c9 position-relative\">\n              <!---->\n              <!---->\n              <div class=\"w-100 h-y-container h-column__content h-column__v-align flex-basis-100 align-self-lg-start align-self-md-start align-self-start\">\n                <!---->\n                <div data-colibri-id=\"8-c10\" class=\"h-row-container gutters-row-lg-0 gutters-row-md-0 gutters-row-0 gutters-row-v-lg-0 gutters-row-v-md-0 gutters-row-v-0 style-335 style-local-8-c10 position-relative\">\n                  <!---->\n                  <div class=\"h-row justify-content-lg-center justify-content-md-center justify-content-center align-items-lg-stretch align-items-md-stretch align-items-stretch gutters-col-lg-0 gutters-col-md-0 gutters-col-0 gutters-col-v-lg-0 gutters-col-v-md-0 gutters-col-v-0\">\n                    <!---->\n                    <div class=\"h-column h-column-container d-flex h-col-lg-auto h-col-md-auto h-col-auto style-336-outer style-local-8-c11-outer\">\n                      <div data-colibri-id=\"8-c11\" class=\"d-flex h-flex-basis h-column__inner h-px-lg-0 h-px-md-0 h-px-0 v-inner-lg-0 v-inner-md-0 v-inner-0 style-336 style-local-8-c11 position-relative\">\n                        <!---->\n                        <!---->\n                        <div class=\"w-100 h-y-container h-column__content h-column__v-align flex-basis-100 align-self-lg-center align-self-md-center align-self-center\">\n                          <!---->\n                          <div data-colibri-id=\"8-c12\" class=\"h-global-transition-all h-heading style-337 style-local-8-c12 position-relative h-element\">\n                            <!---->\n                            <div class=\"h-heading__outer style-337 style-local-8-c12\">\n                              <!---->\n                              <!---->\n                              <h4 class=\"\">contact<\/h4>\n                            <\/div>\n                          <\/div>\n                          <div data-colibri-id=\"8-c13\" class=\"h-icon style-338 style-local-8-c13 position-relative h-element\">\n                            <!----><span class=\"h-svg-icon h-icon__icon style-338-icon style-local-8-c13-icon\"><!--Icon by Font Awesome (https:\/\/fontawesome.com)--><svg version=\"1.1\" xmlns=\"http:\/\/www.w3.org\/2000\/svg\" xmlns:xlink=\"http:\/\/www.w3.org\/1999\/xlink\" id=\"envelope-o\" viewBox=\"0 0 1792 1896.0833\"><path d=\"M1664 1504V736q-32 36-69 66-268 206-426 338-51 43-83 67t-86.5 48.5T897 1280h-2q-48 0-102.5-24.5T706 1207t-83-67q-158-132-426-338-37-30-69-66v768q0 13 9.5 22.5t22.5 9.5h1472q13 0 22.5-9.5t9.5-22.5zm0-1051v-24.5l-.5-13-3-12.5-5.5-9-9-7.5-14-2.5H160q-13 0-22.5 9.5T128 416q0 168 147 284 193 152 401 317 6 5 35 29.5t46 37.5 44.5 31.5T852 1143t43 9h2q20 0 43-9t50.5-27.5 44.5-31.5 46-37.5 35-29.5q208-165 401-317 54-43 100.5-115.5T1664 453zm128-37v1088q0 66-47 113t-113 47H160q-66 0-113-47T0 1504V416q0-66 47-113t113-47h1472q66 0 113 47t47 113z\"><\/path><\/svg><\/span><\/div>\n                          <div\n                            data-colibri-id=\"8-c14\" class=\"h-global-transition-all h-heading style-339 style-local-8-c14 position-relative h-element\">\n                            <!---->\n                            <div class=\"h-heading__outer style-339 style-local-8-c14\">\n                              <!---->\n                              <!---->\n                              <h5 class=\"\">Confiez-vous aux professionnels de sant\u00e9!\n                                <br>Envoyez-nous votre demande<\/h5>\n                            <\/div>\n                        <\/div>\n                      <\/div>\n                    <\/div>\n                  <\/div>\n                  <div class=\"h-column h-column-container d-flex h-col-lg-auto h-col-md-auto h-col-auto style-341-outer style-local-8-c15-outer\">\n                    <div data-colibri-id=\"8-c15\" class=\"d-flex h-flex-basis h-column__inner h-px-lg-0 h-px-md-0 h-px-0 v-inner-lg-0 v-inner-md-0 v-inner-0 style-341 style-local-8-c15 position-relative\">\n                      <!---->\n                      <!---->\n                      <div class=\"w-100 h-y-container h-column__content h-column__v-align flex-basis-100 align-self-lg-center align-self-md-center align-self-center\">\n                        <!---->\n                        <div data-colibri-id=\"8-c16\" class=\"h-contact-form__outer--forminator style-342 style-local-8-c16 position-relative h-element\">\n                          <!---->\n                          <div class=\"h-global-transition-all h-global-transition h-global-transition-all h-contact-form-shortcode\"><div class=\"forminator-ui forminator-custom-form forminator-custom-form-236 forminator-design--default  forminator_ajax\" data-forminator-render=\"0\" data-form=\"forminator-module-236\"><br\/><\/div><form\n\t\t\t\tid=\"forminator-module-236\"\n\t\t\t\tclass=\"forminator-ui forminator-custom-form forminator-custom-form-236 forminator-design--default  forminator_ajax\"\n\t\t\t\tmethod=\"post\"\n\t\t\t\tdata-forminator-render=\"0\"\n\t\t\t\tdata-form-id=\"236\"\n\t\t\t\t\n\t\t\t\tdata-design=\"default\"\n\t\t\t\t\n\t\t\t\t\n\t\t\t\t\n\t\t\t\tdata-grid=\"open\"\n\t\t\t\t\n\t\t\t\t\n\t\t\t\tstyle=\"display: none;\"\n\t\t\t><div class=\"forminator-response-message forminator-error\" aria-hidden=\"true\"><\/div><div class=\"forminator-row\"><div id=\"name-1\" class=\"forminator-col forminator-col-12 \"><div class=\"forminator-field\"><label for=\"forminator-field-name-1\" class=\"forminator-label\">Votre Nom, Pr\u00e9nom <span class=\"forminator-required\">*<\/span><\/label><input type=\"text\" name=\"name-1\" value=\"\" placeholder=\"\" id=\"forminator-field-name-1\" class=\"forminator-input forminator-name--field\" aria-required=\"true\" \/><\/div><\/div><\/div><div class=\"forminator-row\"><div id=\"email-1\" class=\"forminator-col forminator-col-12 \"><div class=\"forminator-field\"><label for=\"forminator-field-email-1\" class=\"forminator-label\">Votre e-mail <span class=\"forminator-required\">*<\/span><\/label><input type=\"email\" name=\"email-1\" value=\"\" placeholder=\"\" id=\"forminator-field-email-1\" class=\"forminator-input forminator-email--field\" data-required=\"true\" aria-required=\"true\" \/><\/div><\/div><\/div><div class=\"forminator-row\"><div id=\"phone-1\" class=\"forminator-col forminator-col-12 \"><div class=\"forminator-field\"><label for=\"forminator-field-phone-1\" class=\"forminator-label\">Votre t\u00e9l\u00e9phone<\/label><input type=\"text\" name=\"phone-1\" value=\"\" placeholder=\"\" id=\"forminator-field-phone-1\" class=\"forminator-input forminator-field--phone\" data-required=\"\" aria-required=\"false\" autocomplete=\"off\" \/><\/div><\/div><\/div><div class=\"forminator-row\"><div id=\"textarea-1\" class=\"forminator-col forminator-col-12 \"><div class=\"forminator-field\"><label for=\"forminator-field-textarea-1\" class=\"forminator-label\">Votre Message<\/label><textarea name=\"textarea-1\" placeholder=\"\" id=\"forminator-field-textarea-1\" class=\"forminator-textarea\" rows=\"6\" style=\"min-height:140px;\" maxlength=\"180\" ><\/textarea><span class=\"forminator-description\"><span data-limit=\"180\" data-type=\"characters\">0 \/ 180<\/span><\/span><\/div><\/div><\/div><div class=\"forminator-row\"><div id=\"captcha-1\" class=\"forminator-col forminator-col-12 \"><div class=\"forminator-g-recaptcha\" data-theme=\"light\"  data-sitekey=\"6LeqGGkkAAAAAF4Gv2fvgTxEfwUmTu05bWg5u1uH\" data-size=\"normal\"><\/div> <\/div><\/div><input type=\"hidden\" name=\"referer_url\" value=\"\" \/><div class=\"forminator-row forminator-row-last\"><div class=\"forminator-col\"><div class=\"forminator-field\"><button class=\"forminator-button forminator-button-submit\">Envoyer le message<\/button><\/div><\/div><\/div><input type=\"hidden\" id=\"forminator_nonce\" name=\"forminator_nonce\" value=\"2a715e3c1a\" \/><input type=\"hidden\" name=\"_wp_http_referer\" value=\"\/index.php\/wp-json\/wp\/v2\/pages\/8\" \/><input type=\"hidden\" name=\"form_id\" value=\"236\"><input type=\"hidden\" name=\"page_id\" value=\"8\"><input type=\"hidden\" name=\"form_type\" value=\"default\"><input type=\"hidden\" name=\"current_url\" value=\"https:\/\/soinsmedicauxenfrance.fr\/wp-json\/wp\/v2\/pages\/8\/\"><input type=\"hidden\" name=\"render_id\" value=\"0\"><input type=\"hidden\" name=\"action\" value=\"forminator_submit_form_custom-forms\"><\/form><\/div>\n                        <\/div>\n                      <\/div>\n                    <\/div>\n                  <\/div>\n                <\/div>\n              <\/div>\n            <\/div>\n          <\/div>\n        <\/div>\n      <\/div>\n    <\/div>\n  <\/div>\n<\/div>\n<\/div>","protected":false},"excerpt":{"rendered":"<p>Bienvenue sur la page de contact de la soci\u00e9t\u00e9 d\u2019\u00e9vacuation sanitaire SAMCI. Ici vous pouvez laisser votre demande de soins ou de r\u00e9\u00e9ducation, faire une description de la pathologie dont vous \u00eates atteint et posez toutes vos questions concernant l\u2019\u00e9vacuation sanitaire en France. Nous allons vous proposer un projet th\u00e9rapeutique en tenant compte des multiples [&hellip;]<\/p>\n","protected":false},"author":1,"featured_media":0,"parent":0,"menu_order":0,"comment_status":"closed","ping_status":"closed","template":"page-templates\/full-width-page.php","meta":[],"yoast_head":"<!-- This site is optimized with the Yoast SEO plugin v20.1 - https:\/\/yoast.com\/wordpress\/plugins\/seo\/ -->\n<title>Contact | Evacuation m\u00e9dicale France<\/title>\n<meta name=\"robots\" content=\"index, follow, max-snippet:-1, max-image-preview:large, max-video-preview:-1\" \/>\n<link rel=\"canonical\" href=\"https:\/\/soinsmedicauxenfrance.fr\/index.php\/contact\/\" \/>\n<meta property=\"og:locale\" content=\"fr_FR\" \/>\n<meta property=\"og:type\" content=\"article\" \/>\n<meta property=\"og:title\" content=\"Contact | Evacuation m\u00e9dicale France\" \/>\n<meta property=\"og:description\" content=\"Bienvenue sur la page de contact de la soci\u00e9t\u00e9 d\u2019\u00e9vacuation sanitaire SAMCI. Ici vous pouvez laisser votre demande de soins ou de r\u00e9\u00e9ducation, faire une description de la pathologie dont vous \u00eates atteint et posez toutes vos questions concernant l\u2019\u00e9vacuation sanitaire en France. Nous allons vous proposer un projet th\u00e9rapeutique en tenant compte des multiples [&hellip;]\" \/>\n<meta property=\"og:url\" content=\"https:\/\/soinsmedicauxenfrance.fr\/index.php\/contact\/\" \/>\n<meta property=\"og:site_name\" content=\"Evacuation m\u00e9dicale France\" \/>\n<meta property=\"article:modified_time\" content=\"2021-01-29T15:25:04+00:00\" \/>\n<meta name=\"twitter:card\" content=\"summary_large_image\" \/>\n<meta name=\"twitter:label1\" content=\"Dur\u00e9e de lecture estim\u00e9e\" \/>\n\t<meta name=\"twitter:data1\" content=\"1 minute\" \/>\n<script type=\"application\/ld+json\" class=\"yoast-schema-graph\">{\"@context\":\"https:\/\/schema.org\",\"@graph\":[{\"@type\":\"WebPage\",\"@id\":\"https:\/\/soinsmedicauxenfrance.fr\/index.php\/contact\/\",\"url\":\"https:\/\/soinsmedicauxenfrance.fr\/index.php\/contact\/\",\"name\":\"Contact | Evacuation m\u00e9dicale France\",\"isPartOf\":{\"@id\":\"https:\/\/soinsmedicauxenfrance.fr\/#website\"},\"datePublished\":\"2020-11-17T16:01:12+00:00\",\"dateModified\":\"2021-01-29T15:25:04+00:00\",\"breadcrumb\":{\"@id\":\"https:\/\/soinsmedicauxenfrance.fr\/index.php\/contact\/#breadcrumb\"},\"inLanguage\":\"fr-FR\",\"potentialAction\":[{\"@type\":\"ReadAction\",\"target\":[\"https:\/\/soinsmedicauxenfrance.fr\/index.php\/contact\/\"]}]},{\"@type\":\"BreadcrumbList\",\"@id\":\"https:\/\/soinsmedicauxenfrance.fr\/index.php\/contact\/#breadcrumb\",\"itemListElement\":[{\"@type\":\"ListItem\",\"position\":1,\"name\":\"Accueil\",\"item\":\"https:\/\/soinsmedicauxenfrance.fr\/\"},{\"@type\":\"ListItem\",\"position\":2,\"name\":\"Contact\"}]},{\"@type\":\"WebSite\",\"@id\":\"https:\/\/soinsmedicauxenfrance.fr\/#website\",\"url\":\"https:\/\/soinsmedicauxenfrance.fr\/\",\"name\":\"Evacuation m\u00e9dicale France\",\"description\":\"\u00c9vacuation m\u00e9dicale d&#039;Afrique vers la France\",\"publisher\":{\"@id\":\"https:\/\/soinsmedicauxenfrance.fr\/#organization\"},\"potentialAction\":[{\"@type\":\"SearchAction\",\"target\":{\"@type\":\"EntryPoint\",\"urlTemplate\":\"https:\/\/soinsmedicauxenfrance.fr\/?s={search_term_string}\"},\"query-input\":\"required name=search_term_string\"}],\"inLanguage\":\"fr-FR\"},{\"@type\":\"Organization\",\"@id\":\"https:\/\/soinsmedicauxenfrance.fr\/#organization\",\"name\":\"\u00c9vacuation m\u00e9dicale d'Afrique vers la France\",\"url\":\"https:\/\/soinsmedicauxenfrance.fr\/\",\"logo\":{\"@type\":\"ImageObject\",\"inLanguage\":\"fr-FR\",\"@id\":\"https:\/\/soinsmedicauxenfrance.fr\/#\/schema\/logo\/image\/\",\"url\":\"https:\/\/soinsmedicauxenfrance.fr\/wp-content\/uploads\/2020\/11\/cropped-Logo-SAMCI_RVB-02sm-2.png\",\"contentUrl\":\"https:\/\/soinsmedicauxenfrance.fr\/wp-content\/uploads\/2020\/11\/cropped-Logo-SAMCI_RVB-02sm-2.png\",\"width\":1500,\"height\":600,\"caption\":\"\u00c9vacuation m\u00e9dicale d'Afrique vers la France\"},\"image\":{\"@id\":\"https:\/\/soinsmedicauxenfrance.fr\/#\/schema\/logo\/image\/\"}}]}<\/script>\n<!-- \/ Yoast SEO plugin. -->","yoast_head_json":{"title":"Contact | Evacuation m\u00e9dicale France","robots":{"index":"index","follow":"follow","max-snippet":"max-snippet:-1","max-image-preview":"max-image-preview:large","max-video-preview":"max-video-preview:-1"},"canonical":"https:\/\/soinsmedicauxenfrance.fr\/index.php\/contact\/","og_locale":"fr_FR","og_type":"article","og_title":"Contact | Evacuation m\u00e9dicale France","og_description":"Bienvenue sur la page de contact de la soci\u00e9t\u00e9 d\u2019\u00e9vacuation sanitaire SAMCI. Ici vous pouvez laisser votre demande de soins ou de r\u00e9\u00e9ducation, faire une description de la pathologie dont vous \u00eates atteint et posez toutes vos questions concernant l\u2019\u00e9vacuation sanitaire en France. Nous allons vous proposer un projet th\u00e9rapeutique en tenant compte des multiples [&hellip;]","og_url":"https:\/\/soinsmedicauxenfrance.fr\/index.php\/contact\/","og_site_name":"Evacuation m\u00e9dicale France","article_modified_time":"2021-01-29T15:25:04+00:00","twitter_card":"summary_large_image","twitter_misc":{"Dur\u00e9e de lecture estim\u00e9e":"1 minute"},"schema":{"@context":"https:\/\/schema.org","@graph":[{"@type":"WebPage","@id":"https:\/\/soinsmedicauxenfrance.fr\/index.php\/contact\/","url":"https:\/\/soinsmedicauxenfrance.fr\/index.php\/contact\/","name":"Contact | Evacuation m\u00e9dicale France","isPartOf":{"@id":"https:\/\/soinsmedicauxenfrance.fr\/#website"},"datePublished":"2020-11-17T16:01:12+00:00","dateModified":"2021-01-29T15:25:04+00:00","breadcrumb":{"@id":"https:\/\/soinsmedicauxenfrance.fr\/index.php\/contact\/#breadcrumb"},"inLanguage":"fr-FR","potentialAction":[{"@type":"ReadAction","target":["https:\/\/soinsmedicauxenfrance.fr\/index.php\/contact\/"]}]},{"@type":"BreadcrumbList","@id":"https:\/\/soinsmedicauxenfrance.fr\/index.php\/contact\/#breadcrumb","itemListElement":[{"@type":"ListItem","position":1,"name":"Accueil","item":"https:\/\/soinsmedicauxenfrance.fr\/"},{"@type":"ListItem","position":2,"name":"Contact"}]},{"@type":"WebSite","@id":"https:\/\/soinsmedicauxenfrance.fr\/#website","url":"https:\/\/soinsmedicauxenfrance.fr\/","name":"Evacuation m\u00e9dicale France","description":"\u00c9vacuation m\u00e9dicale d&#039;Afrique vers la France","publisher":{"@id":"https:\/\/soinsmedicauxenfrance.fr\/#organization"},"potentialAction":[{"@type":"SearchAction","target":{"@type":"EntryPoint","urlTemplate":"https:\/\/soinsmedicauxenfrance.fr\/?s={search_term_string}"},"query-input":"required name=search_term_string"}],"inLanguage":"fr-FR"},{"@type":"Organization","@id":"https:\/\/soinsmedicauxenfrance.fr\/#organization","name":"\u00c9vacuation m\u00e9dicale d'Afrique vers la France","url":"https:\/\/soinsmedicauxenfrance.fr\/","logo":{"@type":"ImageObject","inLanguage":"fr-FR","@id":"https:\/\/soinsmedicauxenfrance.fr\/#\/schema\/logo\/image\/","url":"https:\/\/soinsmedicauxenfrance.fr\/wp-content\/uploads\/2020\/11\/cropped-Logo-SAMCI_RVB-02sm-2.png","contentUrl":"https:\/\/soinsmedicauxenfrance.fr\/wp-content\/uploads\/2020\/11\/cropped-Logo-SAMCI_RVB-02sm-2.png","width":1500,"height":600,"caption":"\u00c9vacuation m\u00e9dicale d'Afrique vers la France"},"image":{"@id":"https:\/\/soinsmedicauxenfrance.fr\/#\/schema\/logo\/image\/"}}]}},"_links":{"self":[{"href":"https:\/\/soinsmedicauxenfrance.fr\/index.php\/wp-json\/wp\/v2\/pages\/8"}],"collection":[{"href":"https:\/\/soinsmedicauxenfrance.fr\/index.php\/wp-json\/wp\/v2\/pages"}],"about":[{"href":"https:\/\/soinsmedicauxenfrance.fr\/index.php\/wp-json\/wp\/v2\/types\/page"}],"author":[{"embeddable":true,"href":"https:\/\/soinsmedicauxenfrance.fr\/index.php\/wp-json\/wp\/v2\/users\/1"}],"replies":[{"embeddable":true,"href":"https:\/\/soinsmedicauxenfrance.fr\/index.php\/wp-json\/wp\/v2\/comments?post=8"}],"version-history":[{"count":7,"href":"https:\/\/soinsmedicauxenfrance.fr\/index.php\/wp-json\/wp\/v2\/pages\/8\/revisions"}],"predecessor-version":[{"id":755,"href":"https:\/\/soinsmedicauxenfrance.fr\/index.php\/wp-json\/wp\/v2\/pages\/8\/revisions\/755"}],"wp:attachment":[{"href":"https:\/\/soinsmedicauxenfrance.fr\/index.php\/wp-json\/wp\/v2\/media?parent=8"}],"curies":[{"name":"wp","href":"https:\/\/api.w.org\/{rel}","templated":true}]}}